{"id":2135,"date":"2019-04-18T17:03:53","date_gmt":"2019-04-18T15:03:53","guid":{"rendered":"http:\/\/holisticyou.de\/?page_id=2135"},"modified":"2019-04-27T11:08:50","modified_gmt":"2019-04-27T09:08:50","slug":"inspirations","status":"publish","type":"page","link":"http:\/\/holisticyou.de\/?page_id=2135","title":{"rendered":"Inspirations"},"content":{"rendered":"<p><\/p>\n<p style=\"text-align: center;\"><strong>Hallo und herzliche Willkommen!<\/strong><\/p>\n<p style=\"text-align: center;\"><strong>Suchst du nach kraftvollen Worten und <span style=\"color: #845610;\">Inspiration?<\/span><\/strong><\/p>\n<p style=\"text-align: center;\">Dann bist du hier genau richtig! Wusstest du schon, dass &#8230;<\/p>\n<p align=\"center\"><em>&#8222;Unsere Gedanken erschaffen unsere Realit\u00e4t.&#8220;<\/em><i><br \/>\n<em>(Dieter Broers)<\/em><\/i><\/p>\n<p>Zu deiner Gesundheit und deinem ganzheitlichen Wohlbefinden &#8211; d.h. Erfolg, Erf\u00fcllung, Liebe, Stabilit\u00e4t, Selbstbewusstsein, Zufriedenheit, etc. &#8211; tragen nicht nur Faktoren eines gesunden Lebensstils bei. Ein nicht zu untersch\u00e4tzender Faktor sind all die Dinge, die wir Tag f\u00fcr Tag denken. Gedanken sind unser<span class=\"apple-converted-space\">\u00a0<\/span><strong>machtvollstes Werkzeug,\u00a0<\/strong>mit denen wir unser Leben kreieren.<\/p>\n<p>Von den \u00fcber 60.000 Gedanken, die uns jeden einzelnen Tag in den Kopf kommen, werden \u00fcber 90% unbewusst gedacht. Das sind Dinge, die sich auf Basis deiner Lebenserfahrung in deinem<span class=\"apple-converted-space\">\u00a0<\/span><strong>Unterbewusstsein\u00a0<\/strong>verankert haben. Und genau mit diesen innerlich manifestierten Gedanken erschaffst du dein Leben.<\/p>\n<p style=\"text-align: center;\">Ich m\u00f6chte dich mit kraftvollen Buchempfehlungen und tiefen Gedanken zu einigen Zitaten in eine Welt voller Inspiration einladen&#8230;<\/p>\n<p style=\"text-align: center;\">With life altering book recommendations and deeps thoughts on empowering quotes, I invite you a world full of inspiration\u2026<\/p>\n<p align=\"center\">Viel Freude beim Lesen, \u00a0Austauschen, Informieren und Bereichern!<\/p>\n<p align=\"center\">Alles Liebe und Namast\u00e9,<\/p>\n<p align=\"center\"><span style=\"font-family: 'book antiqua', palatino, serif; font-size: 14pt; color: #845610;\"><em><b>deine Isabel!<\/b><\/em><\/span><\/p>\n<p style=\"text-align: center;\">\n<p><\/p>","protected":false},"excerpt":{"rendered":"<p>Hallo und herzliche Willkommen! Suchst du nach kraftvollen Worten und Inspiration? Dann bist du hier genau richtig! Wusstest du schon, dass &#8230; &#8222;Unsere Gedanken erschaffen unsere Realit\u00e4t.&#8220; (Dieter Broers) Zu deiner Gesundheit und deinem ganzheitlichen Wohlbefinden &#8211; d.h. Erfolg, Erf\u00fcllung, Liebe, Stabilit\u00e4t, Selbstbewusstsein, Zufriedenheit, etc. &#8211; tragen nicht nur Faktoren eines gesunden Lebensstils bei. Ein [&hellip;]<\/p>\n","protected":false},"author":1,"featured_media":0,"parent":0,"menu_order":0,"comment_status":"closed","ping_status":"closed","template":"","meta":{"_exactmetrics_skip_tracking":false,"_exactmetrics_sitenote_active":false,"_exactmetrics_sitenote_note":"","_exactmetrics_sitenote_category":0,"footnotes":""},"yoast_head":"<!-- This site is optimized with the Yoast SEO plugin v23.4 - https:\/\/yoast.com\/wordpress\/plugins\/seo\/ -->\n<title>Inspirations - Holistic You<\/title>\n<meta name=\"robots\" content=\"index, follow, max-snippet:-1, max-image-preview:large, max-video-preview:-1\" \/>\n<link rel=\"canonical\" href=\"http:\/\/holisticyou.de\/?page_id=2135\" \/>\n<meta property=\"og:locale\" content=\"de_DE\" \/>\n<meta property=\"og:type\" content=\"article\" \/>\n<meta property=\"og:title\" content=\"Inspirations - Holistic You\" \/>\n<meta property=\"og:description\" content=\"Hallo und herzliche Willkommen! Suchst du nach kraftvollen Worten und Inspiration? Dann bist du hier genau richtig! Wusstest du schon, dass &#8230; &#8222;Unsere Gedanken erschaffen unsere Realit\u00e4t.&#8220; (Dieter Broers) Zu deiner Gesundheit und deinem ganzheitlichen Wohlbefinden &#8211; d.h. Erfolg, Erf\u00fcllung, Liebe, Stabilit\u00e4t, Selbstbewusstsein, Zufriedenheit, etc. &#8211; tragen nicht nur Faktoren eines gesunden Lebensstils bei. Ein [&hellip;]\" \/>\n<meta property=\"og:url\" content=\"http:\/\/holisticyou.de\/?page_id=2135\" \/>\n<meta property=\"og:site_name\" content=\"Holistic You\" \/>\n<meta property=\"article:modified_time\" content=\"2019-04-27T09:08:50+00:00\" \/>\n<meta name=\"twitter:card\" content=\"summary_large_image\" \/>\n<meta name=\"twitter:label1\" content=\"Gesch\u00e4tzte Lesezeit\" \/>\n\t<meta name=\"twitter:data1\" content=\"2 Minuten\" \/>\n<script type=\"application\/ld+json\" class=\"yoast-schema-graph\">{\"@context\":\"https:\/\/schema.org\",\"@graph\":[{\"@type\":\"WebPage\",\"@id\":\"http:\/\/holisticyou.de\/?page_id=2135\",\"url\":\"http:\/\/holisticyou.de\/?page_id=2135\",\"name\":\"Inspirations - Holistic You\",\"isPartOf\":{\"@id\":\"http:\/\/holisticyou.de\/#website\"},\"datePublished\":\"2019-04-18T15:03:53+00:00\",\"dateModified\":\"2019-04-27T09:08:50+00:00\",\"breadcrumb\":{\"@id\":\"http:\/\/holisticyou.de\/?page_id=2135#breadcrumb\"},\"inLanguage\":\"de-DE\",\"potentialAction\":[{\"@type\":\"ReadAction\",\"target\":[\"http:\/\/holisticyou.de\/?page_id=2135\"]}]},{\"@type\":\"BreadcrumbList\",\"@id\":\"http:\/\/holisticyou.de\/?page_id=2135#breadcrumb\",\"itemListElement\":[{\"@type\":\"ListItem\",\"position\":1,\"name\":\"Startseite\",\"item\":\"http:\/\/holisticyou.de\/\"},{\"@type\":\"ListItem\",\"position\":2,\"name\":\"Inspirations\"}]},{\"@type\":\"WebSite\",\"@id\":\"http:\/\/holisticyou.de\/#website\",\"url\":\"http:\/\/holisticyou.de\/\",\"name\":\"Holistic You\",\"description\":\"Holistic Nutrition &amp; Yoga\",\"potentialAction\":[{\"@type\":\"SearchAction\",\"target\":{\"@type\":\"EntryPoint\",\"urlTemplate\":\"http:\/\/holisticyou.de\/?s={search_term_string}\"},\"query-input\":{\"@type\":\"PropertyValueSpecification\",\"valueRequired\":true,\"valueName\":\"search_term_string\"}}],\"inLanguage\":\"de-DE\"}]}<\/script>\n<!-- \/ Yoast SEO plugin. -->","yoast_head_json":{"title":"Inspirations - Holistic You","robots":{"index":"index","follow":"follow","max-snippet":"max-snippet:-1","max-image-preview":"max-image-preview:large","max-video-preview":"max-video-preview:-1"},"canonical":"http:\/\/holisticyou.de\/?page_id=2135","og_locale":"de_DE","og_type":"article","og_title":"Inspirations - Holistic You","og_description":"Hallo und herzliche Willkommen! Suchst du nach kraftvollen Worten und Inspiration? Dann bist du hier genau richtig! Wusstest du schon, dass &#8230; &#8222;Unsere Gedanken erschaffen unsere Realit\u00e4t.&#8220; (Dieter Broers) Zu deiner Gesundheit und deinem ganzheitlichen Wohlbefinden &#8211; d.h. Erfolg, Erf\u00fcllung, Liebe, Stabilit\u00e4t, Selbstbewusstsein, Zufriedenheit, etc. &#8211; tragen nicht nur Faktoren eines gesunden Lebensstils bei. Ein [&hellip;]","og_url":"http:\/\/holisticyou.de\/?page_id=2135","og_site_name":"Holistic You","article_modified_time":"2019-04-27T09:08:50+00:00","twitter_card":"summary_large_image","twitter_misc":{"Gesch\u00e4tzte Lesezeit":"2 Minuten"},"schema":{"@context":"https:\/\/schema.org","@graph":[{"@type":"WebPage","@id":"http:\/\/holisticyou.de\/?page_id=2135","url":"http:\/\/holisticyou.de\/?page_id=2135","name":"Inspirations - Holistic You","isPartOf":{"@id":"http:\/\/holisticyou.de\/#website"},"datePublished":"2019-04-18T15:03:53+00:00","dateModified":"2019-04-27T09:08:50+00:00","breadcrumb":{"@id":"http:\/\/holisticyou.de\/?page_id=2135#breadcrumb"},"inLanguage":"de-DE","potentialAction":[{"@type":"ReadAction","target":["http:\/\/holisticyou.de\/?page_id=2135"]}]},{"@type":"BreadcrumbList","@id":"http:\/\/holisticyou.de\/?page_id=2135#breadcrumb","itemListElement":[{"@type":"ListItem","position":1,"name":"Startseite","item":"http:\/\/holisticyou.de\/"},{"@type":"ListItem","position":2,"name":"Inspirations"}]},{"@type":"WebSite","@id":"http:\/\/holisticyou.de\/#website","url":"http:\/\/holisticyou.de\/","name":"Holistic You","description":"Holistic Nutrition &amp; Yoga","potentialAction":[{"@type":"SearchAction","target":{"@type":"EntryPoint","urlTemplate":"http:\/\/holisticyou.de\/?s={search_term_string}"},"query-input":{"@type":"PropertyValueSpecification","valueRequired":true,"valueName":"search_term_string"}}],"inLanguage":"de-DE"}]}},"_links":{"self":[{"href":"http:\/\/holisticyou.de\/index.php?rest_route=\/wp\/v2\/pages\/2135"}],"collection":[{"href":"http:\/\/holisticyou.de\/index.php?rest_route=\/wp\/v2\/pages"}],"about":[{"href":"http:\/\/holisticyou.de\/index.php?rest_route=\/wp\/v2\/types\/page"}],"author":[{"embeddable":true,"href":"http:\/\/holisticyou.de\/index.php?rest_route=\/wp\/v2\/users\/1"}],"replies":[{"embeddable":true,"href":"http:\/\/holisticyou.de\/index.php?rest_route=%2Fwp%2Fv2%2Fcomments&post=2135"}],"version-history":[{"count":4,"href":"http:\/\/holisticyou.de\/index.php?rest_route=\/wp\/v2\/pages\/2135\/revisions"}],"predecessor-version":[{"id":2163,"href":"http:\/\/holisticyou.de\/index.php?rest_route=\/wp\/v2\/pages\/2135\/revisions\/2163"}],"wp:attachment":[{"href":"http:\/\/holisticyou.de\/index.php?rest_route=%2Fwp%2Fv2%2Fmedia&parent=2135"}],"curies":[{"name":"wp","href":"https:\/\/api.w.org\/{rel}","templated":true}]}}